{"id":467,"date":"2021-08-25T05:39:27","date_gmt":"2021-08-25T02:39:27","guid":{"rendered":"https:\/\/py.acon.uk\/index.php\/services\/"},"modified":"2023-02-16T11:30:32","modified_gmt":"2023-02-16T08:30:32","slug":"reit_services","status":"publish","type":"page","link":"https:\/\/py.acon.uk\/index.php\/reit_services\/","title":{"rendered":"DESARROLLO Y CONSULTORIA"},"content":{"rendered":"\t\t<div data-elementor-type=\"wp-page\" data-elementor-id=\"467\" class=\"elementor elementor-467\">\n\t\t\t\t\t\t\t\t\t<section class=\"elementor-section elementor-top-section elementor-element elementor-element-c8d1405 elementor-section-boxed elementor-section-height-default elementor-section-height-default\" data-id=\"c8d1405\" data-element_type=\"section\" data-settings=\"{&quot;background_background&quot;:&quot;classic&quot;}\">\n\t\t\t\t\t\t\t<div class=\"elementor-background-overlay\"><\/div>\n\t\t\t\t\t\t\t<div class=\"elementor-container elementor-column-gap-no\">\n\t\t\t\t\t<div class=\"elementor-column elementor-col-100 elementor-top-column elementor-element elementor-element-6321077\" data-id=\"6321077\" data-element_type=\"column\">\n\t\t\t<div class=\"elementor-widget-wrap elementor-element-populated\">\n\t\t\t\t\t\t\t\t<div class=\"elementor-element elementor-element-946f0e7 elementor-widget elementor-widget-heading\" data-id=\"946f0e7\" data-element_type=\"widget\" data-widget_type=\"heading.default\">\n\t\t\t\t<div class=\"elementor-widget-container\">\n\t\t\t<style>\/*! elementor - v3.11.1 - 15-02-2023 *\/\n.elementor-heading-title{padding:0;margin:0;line-height:1}.elementor-widget-heading .elementor-heading-title[class*=elementor-size-]>a{color:inherit;font-size:inherit;line-height:inherit}.elementor-widget-heading .elementor-heading-title.elementor-size-small{font-size:15px}.elementor-widget-heading .elementor-heading-title.elementor-size-medium{font-size:19px}.elementor-widget-heading .elementor-heading-title.elementor-size-large{font-size:29px}.elementor-widget-heading .elementor-heading-title.elementor-size-xl{font-size:39px}.elementor-widget-heading .elementor-heading-title.elementor-size-xxl{font-size:59px}<\/style><h6 class=\"elementor-heading-title elementor-size-default\">NUESTROS SERVICIOS<\/h6>\t\t<\/div>\n\t\t\t\t<\/div>\n\t\t\t\t<div class=\"elementor-element elementor-element-c74a706 elementor-widget elementor-widget-heading\" data-id=\"c74a706\" data-element_type=\"widget\" data-widget_type=\"heading.default\">\n\t\t\t\t<div class=\"elementor-widget-container\">\n\t\t\t<h3 class=\"elementor-heading-title elementor-size-default\">DESARROLLO Y CONSULTORIA<\/h3>\t\t<\/div>\n\t\t\t\t<\/div>\n\t\t\t\t<div class=\"elementor-element elementor-element-67af5d1 elementor-widget elementor-widget-text-editor\" data-id=\"67af5d1\" data-element_type=\"widget\" data-widget_type=\"text-editor.default\">\n\t\t\t\t<div class=\"elementor-widget-container\">\n\t\t\t<style>\/*! elementor - v3.11.1 - 15-02-2023 *\/\n.elementor-widget-text-editor.elementor-drop-cap-view-stacked .elementor-drop-cap{background-color:#818a91;color:#fff}.elementor-widget-text-editor.elementor-drop-cap-view-framed .elementor-drop-cap{color:#818a91;border:3px solid;background-color:transparent}.elementor-widget-text-editor:not(.elementor-drop-cap-view-default) .elementor-drop-cap{margin-top:8px}.elementor-widget-text-editor:not(.elementor-drop-cap-view-default) .elementor-drop-cap-letter{width:1em;height:1em}.elementor-widget-text-editor .elementor-drop-cap{float:left;text-align:center;line-height:1;font-size:50px}.elementor-widget-text-editor .elementor-drop-cap-letter{display:inline-block}<\/style>\t\t\t\t\t\t\t\t\t\t<\/div>\n\t\t\t\t<\/div>\n\t\t\t\t\t<\/div>\n\t\t<\/div>\n\t\t\t\t\t\t\t<\/div>\n\t\t<\/section>\n\t\t\t\t<section class=\"elementor-section elementor-top-section elementor-element elementor-element-3de98b9 elementor-section-boxed elementor-section-height-default elementor-section-height-default\" data-id=\"3de98b9\" data-element_type=\"section\" data-settings=\"{&quot;background_background&quot;:&quot;classic&quot;}\">\n\t\t\t\t\t\t<div class=\"elementor-container elementor-column-gap-default\">\n\t\t\t\t\t<div class=\"elementor-column elementor-col-100 elementor-top-column elementor-element elementor-element-1ca0761\" data-id=\"1ca0761\" data-element_type=\"column\">\n\t\t\t<div class=\"elementor-widget-wrap elementor-element-populated\">\n\t\t\t\t\t\t\t\t<div class=\"elementor-element elementor-element-0a01285 elementor-widget elementor-widget-spacer\" data-id=\"0a01285\" data-element_type=\"widget\" data-widget_type=\"spacer.default\">\n\t\t\t\t<div class=\"elementor-widget-container\">\n\t\t\t<style>\/*! elementor - v3.11.1 - 15-02-2023 *\/\n.elementor-column .elementor-spacer-inner{height:var(--spacer-size)}.e-con{--container-widget-width:100%}.e-con-inner>.elementor-widget-spacer,.e-con>.elementor-widget-spacer{width:var(--container-widget-width,var(--spacer-size));--align-self:var(--container-widget-align-self,initial);--flex-shrink:0}.e-con-inner>.elementor-widget-spacer>.elementor-widget-container,.e-con-inner>.elementor-widget-spacer>.elementor-widget-container>.elementor-spacer,.e-con>.elementor-widget-spacer>.elementor-widget-container,.e-con>.elementor-widget-spacer>.elementor-widget-container>.elementor-spacer{height:100%}.e-con-inner>.elementor-widget-spacer>.elementor-widget-container>.elementor-spacer>.elementor-spacer-inner,.e-con>.elementor-widget-spacer>.elementor-widget-container>.elementor-spacer>.elementor-spacer-inner{height:var(--container-widget-height,var(--spacer-size))}<\/style>\t\t<div class=\"elementor-spacer\">\n\t\t\t<div class=\"elementor-spacer-inner\"><\/div>\n\t\t<\/div>\n\t\t\t\t<\/div>\n\t\t\t\t<\/div>\n\t\t\t\t<div class=\"elementor-element elementor-element-1164aba elementor-widget elementor-widget-text-editor\" data-id=\"1164aba\" data-element_type=\"widget\" data-widget_type=\"text-editor.default\">\n\t\t\t\t<div class=\"elementor-widget-container\">\n\t\t\t\t\t\t\t<p>La oferta \u00fanica de Acon REIT se centra en las perspectivas de inversi\u00f3n futuras vinculadas a la optimizaci\u00f3n del valor de los activos inmobiliarios. Al integrar nuestro conocimiento de inversiones y experiencia en administraci\u00f3n de bienes ra\u00edces, el objetivo de Acon REIT es crear una &#8220;Cartera de propiedades&#8221; hist\u00f3rica con un excelente potencial de inversi\u00f3n en oportunidades comerciales, industriales o residenciales en Chipre, Europa, Turqu\u00eda y m\u00e1s all\u00e1.<\/p><p>Acon es un socio de inversi\u00f3n transnacional capaz de suministrar propiedades premium en Chipre, Europa y m\u00e1s all\u00e1. Acon REIT opera f\u00edsicamente con redes de soporte de ventas y marketing en el extranjero con sede en Chipre.<\/p><p>Nuestro equipo de inversi\u00f3n se especializa en la compra, consultor\u00eda y venta de inversiones inmobiliarias y trabaja en estrecha colaboraci\u00f3n con inversores, vendedores y compradores para garantizar el m\u00e1ximo rendimiento de las inversiones inmobiliarias y minimizar el nivel de riesgo.<\/p><p>Acon a menudo toma la delantera en nuevos desarrollos inmobiliarios durante las etapas de planificaci\u00f3n y, por lo tanto, identifica el producto l\u00edder para maximizar las oportunidades de inversi\u00f3n para los clientes.<\/p><p>El equipo y la gerencia de Acon tienen un s\u00f3lido historial de brindar a nuestros clientes asesoramiento confiable sobre todos los aspectos de las ventas y compras de inversiones. Para una venta, financiamiento o necesidad activa de una inversi\u00f3n inmobiliaria comercial\/residencial, nuestros expertos utilizan no solo su propio conocimiento y experiencia, sino tambi\u00e9n su experiencia e inteligencia de mercado para guiarlo a trav\u00e9s de todo el proceso de toma de decisiones. .<\/p><p>Nuestros expertos en inversiones brindan a los clientes servicios completos y personalizados y asesoramiento independiente. Ofreciendo orientaci\u00f3n de compra y venta en todas las clases de activos, nuestros expertos en inversiones utilizan los conocimientos del mercado para evaluar r\u00e1pidamente el valor de un activo, comercializarlo de manera efectiva y generar resultados.<\/p><p>\u00a0<\/p><p><strong>Establecimiento de Empresas y Permisos de Residencia<\/strong><\/p><p>En algunos casos, las personas y organizaciones que deseen invertir en bienes ra\u00edces pueden necesitar establecer una empresa en los pa\u00edses correspondientes. En este caso, ofrecemos soporte de servicio a los inversores a trav\u00e9s de nuestros equipos contratados e instituciones financieras asociadas confiables.<\/p>\t\t\t\t\t\t<\/div>\n\t\t\t\t<\/div>\n\t\t\t\t<div class=\"elementor-element elementor-element-db19021 elementor-widget elementor-widget-spacer\" data-id=\"db19021\" data-element_type=\"widget\" data-widget_type=\"spacer.default\">\n\t\t\t\t<div class=\"elementor-widget-container\">\n\t\t\t\t\t<div class=\"elementor-spacer\">\n\t\t\t<div class=\"elementor-spacer-inner\"><\/div>\n\t\t<\/div>\n\t\t\t\t<\/div>\n\t\t\t\t<\/div>\n\t\t\t\t\t<\/div>\n\t\t<\/div>\n\t\t\t\t\t\t\t<\/div>\n\t\t<\/section>\n\t\t\t\t<section class=\"elementor-section elementor-top-section elementor-element elementor-element-6e15448 elementor-section-height-min-height elementor-section-boxed elementor-section-height-default elementor-section-items-middle\" data-id=\"6e15448\" data-element_type=\"section\" data-settings=\"{&quot;background_background&quot;:&quot;classic&quot;}\">\n\t\t\t\t\t\t\t<div class=\"elementor-background-overlay\"><\/div>\n\t\t\t\t\t\t\t<div class=\"elementor-container elementor-column-gap-no\">\n\t\t\t\t\t<div class=\"elementor-column elementor-col-100 elementor-top-column elementor-element elementor-element-a0bb06b\" data-id=\"a0bb06b\" data-element_type=\"column\">\n\t\t\t<div class=\"elementor-widget-wrap elementor-element-populated\">\n\t\t\t\t\t\t\t\t<div class=\"elementor-element elementor-element-0a0ba2e elementor-widget elementor-widget-heading\" data-id=\"0a0ba2e\" data-element_type=\"widget\" data-widget_type=\"heading.default\">\n\t\t\t\t<div class=\"elementor-widget-container\">\n\t\t\t<h6 class=\"elementor-heading-title elementor-size-default\">OFERTA ESPECIAL<\/h6>\t\t<\/div>\n\t\t\t\t<\/div>\n\t\t\t\t<div class=\"elementor-element elementor-element-d5cb459 elementor-widget elementor-widget-heading\" data-id=\"d5cb459\" data-element_type=\"widget\" data-widget_type=\"heading.default\">\n\t\t\t\t<div class=\"elementor-widget-container\">\n\t\t\t<h2 class=\"elementor-heading-title elementor-size-default\">CONSULTORIA LIBRE<\/h2>\t\t<\/div>\n\t\t\t\t<\/div>\n\t\t\t\t<div class=\"elementor-element elementor-element-3067f5e elementor-widget elementor-widget-text-editor\" data-id=\"3067f5e\" data-element_type=\"widget\" data-widget_type=\"text-editor.default\">\n\t\t\t\t<div class=\"elementor-widget-container\">\n\t\t\t\t\t\t\t<p>\u00bfVas a invertir en el sector inmobiliario pero no sabes por d\u00f3nde empezar?<br \/>\u00a1Tu primera consulta es gratis con nosotros!<\/p>\t\t\t\t\t\t<\/div>\n\t\t\t\t<\/div>\n\t\t\t\t<div class=\"elementor-element elementor-element-c76440d elementor-mobile-align-center elementor-align-center elementor-widget elementor-widget-button\" data-id=\"c76440d\" data-element_type=\"widget\" data-widget_type=\"button.default\">\n\t\t\t\t<div class=\"elementor-widget-container\">\n\t\t\t\t\t<div class=\"elementor-button-wrapper\">\n\t\t\t<a href=\"tel:+595021752434\" target=\"_blank\" class=\"elementor-button-link elementor-button elementor-size-sm\" role=\"button\">\n\t\t\t\t\t\t<span class=\"elementor-button-content-wrapper\">\n\t\t\t\t\t\t\t<span class=\"elementor-button-icon elementor-align-icon-left\">\n\t\t\t\t<i aria-hidden=\"true\" class=\"fas fa-phone-alt\"><\/i>\t\t\t<\/span>\n\t\t\t\t\t\t<span class=\"elementor-button-text\">LLAMANOS AHORA<\/span>\n\t\t<\/span>\n\t\t\t\t\t<\/a>\n\t\t<\/div>\n\t\t\t\t<\/div>\n\t\t\t\t<\/div>\n\t\t\t\t\t<\/div>\n\t\t<\/div>\n\t\t\t\t\t\t\t<\/div>\n\t\t<\/section>\n\t\t\t\t\t\t\t<\/div>\n\t\t","protected":false},"excerpt":{"rendered":"<p>NUESTROS SERVICIOS DESARROLLO Y CONSULTORIA La oferta \u00fanica de Acon REIT se centra en las perspectivas de inversi\u00f3n futuras vinculadas a la optimizaci\u00f3n del valor de los activos inmobiliarios. Al integrar nuestro conocimiento de inversiones y experiencia en administraci\u00f3n de bienes ra\u00edces, el objetivo de Acon REIT es crear una &#8220;Cartera de propiedades&#8221; hist\u00f3rica con &hellip;<\/p>\n<p class=\"read-more\"> <a class=\"\" href=\"https:\/\/py.acon.uk\/index.php\/reit_services\/\"> <span class=\"screen-reader-text\">DESARROLLO Y CONSULTORIA<\/span> Read More &raquo;<\/a><\/p>\n","protected":false},"author":1,"featured_media":0,"parent":0,"menu_order":0,"comment_status":"closed","ping_status":"closed","template":"","meta":{"site-sidebar-layout":"no-sidebar","site-content-layout":"page-builder","ast-global-header-display":"","ast-main-header-display":"","ast-hfb-above-header-display":"","ast-hfb-below-header-display":"","ast-hfb-mobile-header-display":"","site-post-title":"disabled","ast-breadcrumbs-content":"disabled","ast-featured-img":"disabled","footer-sml-layout":"","theme-transparent-header-meta":"enabled","adv-header-id-meta":"","stick-header-meta":"","header-above-stick-meta":"","header-main-stick-meta":"","header-below-stick-meta":""},"_links":{"self":[{"href":"https:\/\/py.acon.uk\/index.php\/wp-json\/wp\/v2\/pages\/467"}],"collection":[{"href":"https:\/\/py.acon.uk\/index.php\/wp-json\/wp\/v2\/pages"}],"about":[{"href":"https:\/\/py.acon.uk\/index.php\/wp-json\/wp\/v2\/types\/page"}],"author":[{"embeddable":true,"href":"https:\/\/py.acon.uk\/index.php\/wp-json\/wp\/v2\/users\/1"}],"replies":[{"embeddable":true,"href":"https:\/\/py.acon.uk\/index.php\/wp-json\/wp\/v2\/comments?post=467"}],"version-history":[{"count":12,"href":"https:\/\/py.acon.uk\/index.php\/wp-json\/wp\/v2\/pages\/467\/revisions"}],"predecessor-version":[{"id":859,"href":"https:\/\/py.acon.uk\/index.php\/wp-json\/wp\/v2\/pages\/467\/revisions\/859"}],"wp:attachment":[{"href":"https:\/\/py.acon.uk\/index.php\/wp-json\/wp\/v2\/media?parent=467"}],"curies":[{"name":"wp","href":"https:\/\/api.w.org\/{rel}","templated":true}]}}